{"id":3109,"date":"2024-01-30T16:31:17","date_gmt":"2024-01-30T21:31:17","guid":{"rendered":"https:\/\/www.tuyauxaston.com\/contact-us\/"},"modified":"2025-02-27T09:17:40","modified_gmt":"2025-02-27T14:17:40","slug":"contact-us","status":"publish","type":"page","link":"https:\/\/www.tuyauxaston.com\/en\/contact-us\/","title":{"rendered":"Contact us"},"content":{"rendered":"\t\t<div data-elementor-type=\"wp-page\" data-elementor-id=\"3109\" class=\"elementor elementor-3109 elementor-648\" data-elementor-post-type=\"page\">\n\t\t\t\t<div data-particle_enable=\"false\" data-particle-mobile-disabled=\"false\" class=\"elementor-element elementor-element-6e9b31e e-flex e-con-boxed e-con e-parent\" data-id=\"6e9b31e\" data-element_type=\"container\" data-e-type=\"container\" data-settings=\"{&quot;background_background&quot;:&quot;classic&quot;}\">\n\t\t\t\t\t<div class=\"e-con-inner\">\n\t\t\t\t<div class=\"elementor-element elementor-element-616cfb7 elementor-widget elementor-widget-heading\" data-id=\"616cfb7\" data-element_type=\"widget\" data-e-type=\"widget\" data-widget_type=\"heading.default\">\n\t\t\t\t<div class=\"elementor-widget-container\">\n\t\t\t\t\t<h1 class=\"elementor-heading-title elementor-size-default\">Contact us<\/h1>\t\t\t\t<\/div>\n\t\t\t\t<\/div>\n\t\t\t\t\t<\/div>\n\t\t\t\t<\/div>\n\t\t<div data-particle_enable=\"false\" data-particle-mobile-disabled=\"false\" class=\"elementor-element elementor-element-603734c e-flex e-con-boxed e-con e-parent\" data-id=\"603734c\" data-element_type=\"container\" data-e-type=\"container\">\n\t\t\t\t\t<div class=\"e-con-inner\">\n\t\t\t\t<div class=\"elementor-element elementor-element-004bd33 elementor-widget elementor-widget-heading\" data-id=\"004bd33\" data-element_type=\"widget\" data-e-type=\"widget\" data-widget_type=\"heading.default\">\n\t\t\t\t<div class=\"elementor-widget-container\">\n\t\t\t\t\t<h2 class=\"elementor-heading-title elementor-size-default\">Do you have questions about our products?<\/h2>\t\t\t\t<\/div>\n\t\t\t\t<\/div>\n\t\t\t\t<div class=\"elementor-element elementor-element-08f91b5 elementor-widget elementor-widget-text-editor\" data-id=\"08f91b5\" data-element_type=\"widget\" data-e-type=\"widget\" data-widget_type=\"text-editor.default\">\n\t\t\t\t<div class=\"elementor-widget-container\">\n\t\t\t\t\t\t\t\t\t<p>Please do not hesitate to contact us. We will assist you in selecting the most suitable products for your heating system and specific needs.<\/p>\n<p>Contact us for the name of your <strong>nearest retailer<\/strong>.<\/p>\n\t\t\t\t\t\t\t\t<\/div>\n\t\t\t\t<\/div>\n\t\t\t\t<div class=\"elementor-element elementor-element-ad82f59 elementor-icon-list--layout-traditional elementor-list-item-link-full_width elementor-widget elementor-widget-icon-list\" data-id=\"ad82f59\" data-element_type=\"widget\" data-e-type=\"widget\" data-widget_type=\"icon-list.default\">\n\t\t\t\t<div class=\"elementor-widget-container\">\n\t\t\t\t\t\t\t<ul class=\"elementor-icon-list-items\">\n\t\t\t\t\t\t\t<li class=\"elementor-icon-list-item\">\n\t\t\t\t\t\t\t\t\t\t\t<a href=\"tel:8193992220\">\n\n\t\t\t\t\t\t\t\t\t\t\t<span class=\"elementor-icon-list-text\">Phone: 819 399-2220<\/span>\n\t\t\t\t\t\t\t\t\t\t\t<\/a>\n\t\t\t\t\t\t\t\t\t<\/li>\n\t\t\t\t\t\t\t\t<li class=\"elementor-icon-list-item\">\n\t\t\t\t\t\t\t\t\t\t\t<a href=\"tel:8193993296\">\n\n\t\t\t\t\t\t\t\t\t\t\t<span class=\"elementor-icon-list-text\">Fax: 819 399-3296<\/span>\n\t\t\t\t\t\t\t\t\t\t\t<\/a>\n\t\t\t\t\t\t\t\t\t<\/li>\n\t\t\t\t\t\t\t\t<li class=\"elementor-icon-list-item\">\n\t\t\t\t\t\t\t\t\t\t\t<a href=\"mailto:info@tuyauxaston.com\">\n\n\t\t\t\t\t\t\t\t\t\t\t<span class=\"elementor-icon-list-text\">E-mail: info@tuyauxaston.com<\/span>\n\t\t\t\t\t\t\t\t\t\t\t<\/a>\n\t\t\t\t\t\t\t\t\t<\/li>\n\t\t\t\t\t\t<\/ul>\n\t\t\t\t\t\t<\/div>\n\t\t\t\t<\/div>\n\t\t\t\t<div class=\"elementor-element elementor-element-695696e elementor-widget elementor-widget-heading\" data-id=\"695696e\" data-element_type=\"widget\" data-e-type=\"widget\" data-widget_type=\"heading.default\">\n\t\t\t\t<div class=\"elementor-widget-container\">\n\t\t\t\t\t<h2 class=\"elementor-heading-title elementor-size-default\">Schedule<\/h2>\t\t\t\t<\/div>\n\t\t\t\t<\/div>\n\t\t\t\t<div class=\"elementor-element elementor-element-ecbf5fa elementor-icon-list--layout-traditional elementor-list-item-link-full_width elementor-widget elementor-widget-icon-list\" data-id=\"ecbf5fa\" data-element_type=\"widget\" data-e-type=\"widget\" data-widget_type=\"icon-list.default\">\n\t\t\t\t<div class=\"elementor-widget-container\">\n\t\t\t\t\t\t\t<ul class=\"elementor-icon-list-items\">\n\t\t\t\t\t\t\t<li class=\"elementor-icon-list-item\">\n\t\t\t\t\t\t\t\t\t\t<span class=\"elementor-icon-list-text\">Monday to Thursday: 8am to 12pm and 1pm to 5pm<\/span>\n\t\t\t\t\t\t\t\t\t<\/li>\n\t\t\t\t\t\t\t\t<li class=\"elementor-icon-list-item\">\n\t\t\t\t\t\t\t\t\t\t<span class=\"elementor-icon-list-text\">Friday: 8am to 12pm and 1pm to 3pm<\/span>\n\t\t\t\t\t\t\t\t\t<\/li>\n\t\t\t\t\t\t<\/ul>\n\t\t\t\t\t\t<\/div>\n\t\t\t\t<\/div>\n\t\t\t\t\t<\/div>\n\t\t\t\t<\/div>\n\t\t<div data-particle_enable=\"false\" data-particle-mobile-disabled=\"false\" class=\"elementor-element elementor-element-6d8ed75 e-flex e-con-boxed e-con e-parent\" data-id=\"6d8ed75\" data-element_type=\"container\" data-e-type=\"container\">\n\t\t\t\t\t<div class=\"e-con-inner\">\n\t\t\t\t<div class=\"elementor-element elementor-element-d6c1b19 elementor-widget elementor-widget-google_maps\" data-id=\"d6c1b19\" data-element_type=\"widget\" data-e-type=\"widget\" data-widget_type=\"google_maps.default\">\n\t\t\t\t<div class=\"elementor-widget-container\">\n\t\t\t\t\t\t\t<div class=\"elementor-custom-embed\">\n\t\t\t<iframe loading=\"lazy\"\n\t\t\t\t\tsrc=\"https:\/\/maps.google.com\/maps?q=Tuyaux%20Aston%20%28Les%29%2C%20808%20Rue%20Lauzi%C3%A8re%2C%20Saint-L%C3%A9onard-d%27Aston%2C%20Quebec%20J0C%201M0%2C%20Canada&#038;t=m&#038;z=12&#038;output=embed&#038;iwloc=near\"\n\t\t\t\t\ttitle=\"Tuyaux Aston (Les), 808 Rue Lauzi\u00e8re, Saint-L\u00e9onard-d&#039;Aston, Quebec J0C 1M0, Canada\"\n\t\t\t\t\taria-label=\"Tuyaux Aston (Les), 808 Rue Lauzi\u00e8re, Saint-L\u00e9onard-d&#039;Aston, Quebec J0C 1M0, Canada\"\n\t\t\t><\/iframe>\n\t\t<\/div>\n\t\t\t\t\t\t<\/div>\n\t\t\t\t<\/div>\n\t\t\t\t\t<\/div>\n\t\t\t\t<\/div>\n\t\t\t\t<\/div>\n\t\t","protected":false},"excerpt":{"rendered":"<p>Contact us Do you have questions about our products? Please do not hesitate to contact us. We will assist you in selecting the most suitable products for your heating system and specific needs. Contact us for the name of your nearest retailer. Phone: 819 399-2220 Fax: 819 399-3296 E-mail: info@tuyauxaston.com Schedule Monday to Thursday: 8am [&hellip;]<\/p>\n","protected":false},"author":1,"featured_media":0,"parent":0,"menu_order":0,"comment_status":"closed","ping_status":"closed","template":"","meta":{"_acf_changed":false,"footnotes":""},"class_list":["post-3109","page","type-page","status-publish","hentry"],"acf":[],"yoast_head":"<!-- This site is optimized with the Yoast SEO plugin v27.1.1 - https:\/\/yoast.com\/product\/yoast-seo-wordpress\/ -->\n<title>Contact us - Stove and Chimney Pipes - Tuyaux Aston<\/title>\n<meta name=\"robots\" content=\"index, follow, max-snippet:-1, max-image-preview:large, max-video-preview:-1\" \/>\n<link rel=\"canonical\" href=\"https:\/\/www.tuyauxaston.com\/contactez-nous\/\" \/>\n<meta property=\"og:locale\" content=\"en_US\" \/>\n<meta property=\"og:type\" content=\"article\" \/>\n<meta property=\"og:title\" content=\"Contact us - Stove and Chimney Pipes - Tuyaux Aston\" \/>\n<meta property=\"og:description\" content=\"Contact us Do you have questions about our products? Please do not hesitate to contact us. We will assist you in selecting the most suitable products for your heating system and specific needs. Contact us for the name of your nearest retailer. Phone: 819 399-2220 Fax: 819 399-3296 E-mail: info@tuyauxaston.com Schedule Monday to Thursday: 8am [&hellip;]\" \/>\n<meta property=\"og:url\" content=\"https:\/\/www.tuyauxaston.com\/contactez-nous\/\" \/>\n<meta property=\"og:site_name\" content=\"Stove and Chimney Pipes - Tuyaux Aston\" \/>\n<meta property=\"article:modified_time\" content=\"2025-02-27T14:17:40+00:00\" \/>\n<meta property=\"og:image\" content=\"https:\/\/www.tuyauxaston.com\/wp-content\/uploads\/2024\/03\/image-og.png\" \/>\n\t<meta property=\"og:image:width\" content=\"1200\" \/>\n\t<meta property=\"og:image:height\" content=\"675\" \/>\n\t<meta property=\"og:image:type\" content=\"image\/png\" \/>\n<meta name=\"twitter:card\" content=\"summary_large_image\" \/>\n<script type=\"application\/ld+json\" class=\"yoast-schema-graph\">{\"@context\":\"https:\/\/schema.org\",\"@graph\":[{\"@type\":\"WebPage\",\"@id\":\"https:\/\/www.tuyauxaston.com\/contactez-nous\/\",\"url\":\"https:\/\/www.tuyauxaston.com\/contactez-nous\/\",\"name\":\"Contact us - Stove and Chimney Pipes - Tuyaux Aston\",\"isPartOf\":{\"@id\":\"https:\/\/www.tuyauxaston.com\/#website\"},\"datePublished\":\"2024-01-30T21:31:17+00:00\",\"dateModified\":\"2025-02-27T14:17:40+00:00\",\"breadcrumb\":{\"@id\":\"https:\/\/www.tuyauxaston.com\/contactez-nous\/#breadcrumb\"},\"inLanguage\":\"en-CA\",\"potentialAction\":[{\"@type\":\"ReadAction\",\"target\":[\"https:\/\/www.tuyauxaston.com\/contactez-nous\/\"]}]},{\"@type\":\"BreadcrumbList\",\"@id\":\"https:\/\/www.tuyauxaston.com\/contactez-nous\/#breadcrumb\",\"itemListElement\":[{\"@type\":\"ListItem\",\"position\":1,\"name\":\"Accueil\",\"item\":\"https:\/\/www.tuyauxaston.com\/en\/\"},{\"@type\":\"ListItem\",\"position\":2,\"name\":\"Contact us\"}]},{\"@type\":\"WebSite\",\"@id\":\"https:\/\/www.tuyauxaston.com\/#website\",\"url\":\"https:\/\/www.tuyauxaston.com\/\",\"name\":\"Tuyaux de po\u00eales et chemin\u00e9es - Tuyaux Aston\",\"description\":\"\",\"publisher\":{\"@id\":\"https:\/\/www.tuyauxaston.com\/#organization\"},\"potentialAction\":[{\"@type\":\"SearchAction\",\"target\":{\"@type\":\"EntryPoint\",\"urlTemplate\":\"https:\/\/www.tuyauxaston.com\/?s={search_term_string}\"},\"query-input\":{\"@type\":\"PropertyValueSpecification\",\"valueRequired\":true,\"valueName\":\"search_term_string\"}}],\"inLanguage\":\"en-CA\"},{\"@type\":\"Organization\",\"@id\":\"https:\/\/www.tuyauxaston.com\/#organization\",\"name\":\"Fabricant d'\u00e9quipement pour \u00e9rabli\u00e8re - Tuyaux Aston\",\"url\":\"https:\/\/www.tuyauxaston.com\/\",\"logo\":{\"@type\":\"ImageObject\",\"inLanguage\":\"en-CA\",\"@id\":\"https:\/\/www.tuyauxaston.com\/#\/schema\/logo\/image\/\",\"url\":\"https:\/\/www.tuyauxaston.com\/wp-content\/uploads\/2024\/03\/cropped-favicon.png\",\"contentUrl\":\"https:\/\/www.tuyauxaston.com\/wp-content\/uploads\/2024\/03\/cropped-favicon.png\",\"width\":512,\"height\":512,\"caption\":\"Fabricant d'\u00e9quipement pour \u00e9rabli\u00e8re - Tuyaux Aston\"},\"image\":{\"@id\":\"https:\/\/www.tuyauxaston.com\/#\/schema\/logo\/image\/\"}}]}<\/script>\n<!-- \/ Yoast SEO plugin. -->","yoast_head_json":{"title":"Contact us - Stove and Chimney Pipes - Tuyaux Aston","robots":{"index":"index","follow":"follow","max-snippet":"max-snippet:-1","max-image-preview":"max-image-preview:large","max-video-preview":"max-video-preview:-1"},"canonical":"https:\/\/www.tuyauxaston.com\/contactez-nous\/","og_locale":"en_US","og_type":"article","og_title":"Contact us - Stove and Chimney Pipes - Tuyaux Aston","og_description":"Contact us Do you have questions about our products? Please do not hesitate to contact us. We will assist you in selecting the most suitable products for your heating system and specific needs. Contact us for the name of your nearest retailer. Phone: 819 399-2220 Fax: 819 399-3296 E-mail: info@tuyauxaston.com Schedule Monday to Thursday: 8am [&hellip;]","og_url":"https:\/\/www.tuyauxaston.com\/contactez-nous\/","og_site_name":"Stove and Chimney Pipes - Tuyaux Aston","article_modified_time":"2025-02-27T14:17:40+00:00","og_image":[{"width":1200,"height":675,"url":"https:\/\/www.tuyauxaston.com\/wp-content\/uploads\/2024\/03\/image-og.png","type":"image\/png"}],"twitter_card":"summary_large_image","schema":{"@context":"https:\/\/schema.org","@graph":[{"@type":"WebPage","@id":"https:\/\/www.tuyauxaston.com\/contactez-nous\/","url":"https:\/\/www.tuyauxaston.com\/contactez-nous\/","name":"Contact us - Stove and Chimney Pipes - Tuyaux Aston","isPartOf":{"@id":"https:\/\/www.tuyauxaston.com\/#website"},"datePublished":"2024-01-30T21:31:17+00:00","dateModified":"2025-02-27T14:17:40+00:00","breadcrumb":{"@id":"https:\/\/www.tuyauxaston.com\/contactez-nous\/#breadcrumb"},"inLanguage":"en-CA","potentialAction":[{"@type":"ReadAction","target":["https:\/\/www.tuyauxaston.com\/contactez-nous\/"]}]},{"@type":"BreadcrumbList","@id":"https:\/\/www.tuyauxaston.com\/contactez-nous\/#breadcrumb","itemListElement":[{"@type":"ListItem","position":1,"name":"Accueil","item":"https:\/\/www.tuyauxaston.com\/en\/"},{"@type":"ListItem","position":2,"name":"Contact us"}]},{"@type":"WebSite","@id":"https:\/\/www.tuyauxaston.com\/#website","url":"https:\/\/www.tuyauxaston.com\/","name":"Tuyaux de po\u00eales et chemin\u00e9es - Tuyaux Aston","description":"","publisher":{"@id":"https:\/\/www.tuyauxaston.com\/#organization"},"potentialAction":[{"@type":"SearchAction","target":{"@type":"EntryPoint","urlTemplate":"https:\/\/www.tuyauxaston.com\/?s={search_term_string}"},"query-input":{"@type":"PropertyValueSpecification","valueRequired":true,"valueName":"search_term_string"}}],"inLanguage":"en-CA"},{"@type":"Organization","@id":"https:\/\/www.tuyauxaston.com\/#organization","name":"Fabricant d'\u00e9quipement pour \u00e9rabli\u00e8re - Tuyaux Aston","url":"https:\/\/www.tuyauxaston.com\/","logo":{"@type":"ImageObject","inLanguage":"en-CA","@id":"https:\/\/www.tuyauxaston.com\/#\/schema\/logo\/image\/","url":"https:\/\/www.tuyauxaston.com\/wp-content\/uploads\/2024\/03\/cropped-favicon.png","contentUrl":"https:\/\/www.tuyauxaston.com\/wp-content\/uploads\/2024\/03\/cropped-favicon.png","width":512,"height":512,"caption":"Fabricant d'\u00e9quipement pour \u00e9rabli\u00e8re - Tuyaux Aston"},"image":{"@id":"https:\/\/www.tuyauxaston.com\/#\/schema\/logo\/image\/"}}]}},"_links":{"self":[{"href":"https:\/\/www.tuyauxaston.com\/en\/wp-json\/wp\/v2\/pages\/3109","targetHints":{"allow":["GET"]}}],"collection":[{"href":"https:\/\/www.tuyauxaston.com\/en\/wp-json\/wp\/v2\/pages"}],"about":[{"href":"https:\/\/www.tuyauxaston.com\/en\/wp-json\/wp\/v2\/types\/page"}],"author":[{"embeddable":true,"href":"https:\/\/www.tuyauxaston.com\/en\/wp-json\/wp\/v2\/users\/1"}],"replies":[{"embeddable":true,"href":"https:\/\/www.tuyauxaston.com\/en\/wp-json\/wp\/v2\/comments?post=3109"}],"version-history":[{"count":3,"href":"https:\/\/www.tuyauxaston.com\/en\/wp-json\/wp\/v2\/pages\/3109\/revisions"}],"predecessor-version":[{"id":3113,"href":"https:\/\/www.tuyauxaston.com\/en\/wp-json\/wp\/v2\/pages\/3109\/revisions\/3113"}],"wp:attachment":[{"href":"https:\/\/www.tuyauxaston.com\/en\/wp-json\/wp\/v2\/media?parent=3109"}],"curies":[{"name":"wp","href":"https:\/\/api.w.org\/{rel}","templated":true}]}}