{"id":3114,"date":"2024-10-24T11:00:36","date_gmt":"2024-10-24T16:00:36","guid":{"rendered":"https:\/\/www.tuyauxaston.com\/installation-specifications\/"},"modified":"2025-05-22T09:23:57","modified_gmt":"2025-05-22T14:23:57","slug":"installation-specifications","status":"publish","type":"page","link":"https:\/\/www.tuyauxaston.com\/en\/installation-specifications\/","title":{"rendered":"Installation specifications"},"content":{"rendered":"\t\t<div data-elementor-type=\"wp-page\" data-elementor-id=\"3114\" class=\"elementor elementor-3114 elementor-2384\" data-elementor-post-type=\"page\">\n\t\t\t\t<div data-particle_enable=\"false\" data-particle-mobile-disabled=\"false\" class=\"elementor-element elementor-element-c457af4 e-flex e-con-boxed e-con e-parent\" data-id=\"c457af4\" data-element_type=\"container\" data-e-type=\"container\" data-settings=\"{&quot;background_background&quot;:&quot;classic&quot;}\">\n\t\t\t\t\t<div class=\"e-con-inner\">\n\t\t\t\t<div class=\"elementor-element elementor-element-7b645d9 elementor-widget elementor-widget-heading\" data-id=\"7b645d9\" data-element_type=\"widget\" data-e-type=\"widget\" data-widget_type=\"heading.default\">\n\t\t\t\t<div class=\"elementor-widget-container\">\n\t\t\t\t\t<h1 class=\"elementor-heading-title elementor-size-default\">Installation specifications<\/h1>\t\t\t\t<\/div>\n\t\t\t\t<\/div>\n\t\t\t\t\t<\/div>\n\t\t\t\t<\/div>\n\t\t<div data-particle_enable=\"false\" data-particle-mobile-disabled=\"false\" class=\"elementor-element elementor-element-c95aeef e-grid e-con-boxed e-con e-parent\" data-id=\"c95aeef\" data-element_type=\"container\" data-e-type=\"container\">\n\t\t\t\t\t<div class=\"e-con-inner\">\n\t\t\t\t<div class=\"elementor-element elementor-element-01e0292 elementor-widget__width-initial elementor-widget elementor-widget-text-editor\" data-id=\"01e0292\" data-element_type=\"widget\" data-e-type=\"widget\" data-widget_type=\"text-editor.default\">\n\t\t\t\t<div class=\"elementor-widget-container\">\n\t\t\t\t\t\t\t\t\t<h5><a href=\"https:\/\/www.tuyauxaston.com\/wp-content\/uploads\/2025\/05\/Tuyaux_Aston-TUYAUX_NOIR_EN.pdf\" target=\"_blank\" rel=\"noopener\">Installation specifications &#8211; Black Pipe<\/a><\/h5><h5><a href=\"https:\/\/www.tuyauxaston.com\/wp-content\/uploads\/2025\/05\/Tuyaux_Aston-GAINE_INOX_2100_EN.pdf\" target=\"_blank\" rel=\"noopener\">Installation specifications &#8211; 2100 Stainless Steel<\/a><\/h5>\t\t\t\t\t\t\t\t<\/div>\n\t\t\t\t<\/div>\n\t\t\t\t<div class=\"elementor-element elementor-element-209d1be elementor-widget__width-initial elementor-widget elementor-widget-image\" data-id=\"209d1be\" data-element_type=\"widget\" data-e-type=\"widget\" data-widget_type=\"image.default\">\n\t\t\t\t<div class=\"elementor-widget-container\">\n\t\t\t\t\t\t\t\t\t\t\t\t\t\t\t<img fetchpriority=\"high\" decoding=\"async\" width=\"681\" height=\"1024\" src=\"https:\/\/www.tuyauxaston.com\/wp-content\/uploads\/2025\/01\/Projet-Supprimer-un-arriere-plan-681x1024.jpeg\" class=\"attachment-large size-large wp-image-2843\" alt=\"\" srcset=\"https:\/\/www.tuyauxaston.com\/wp-content\/uploads\/2025\/01\/Projet-Supprimer-un-arriere-plan-681x1024.jpeg 681w, https:\/\/www.tuyauxaston.com\/wp-content\/uploads\/2025\/01\/Projet-Supprimer-un-arriere-plan-199x300.jpeg 199w, https:\/\/www.tuyauxaston.com\/wp-content\/uploads\/2025\/01\/Projet-Supprimer-un-arriere-plan-768x1155.jpeg 768w, https:\/\/www.tuyauxaston.com\/wp-content\/uploads\/2025\/01\/Projet-Supprimer-un-arriere-plan.jpeg 920w\" sizes=\"(max-width: 681px) 100vw, 681px\" \/>\t\t\t\t\t\t\t\t\t\t\t\t\t\t\t<\/div>\n\t\t\t\t<\/div>\n\t\t\t\t\t<\/div>\n\t\t\t\t<\/div>\n\t\t\t\t<\/div>\n\t\t","protected":false},"excerpt":{"rendered":"<p>Installation specifications Installation specifications &#8211; Black Pipe Installation specifications &#8211; 2100 Stainless Steel<\/p>\n","protected":false},"author":1,"featured_media":0,"parent":0,"menu_order":0,"comment_status":"closed","ping_status":"closed","template":"","meta":{"_acf_changed":false,"footnotes":""},"class_list":["post-3114","page","type-page","status-publish","hentry"],"acf":[],"yoast_head":"<!-- This site is optimized with the Yoast SEO plugin v27.1.1 - https:\/\/yoast.com\/product\/yoast-seo-wordpress\/ -->\n<title>Installation specifications - Stove and Chimney Pipes - Tuyaux Aston<\/title>\n<meta name=\"robots\" content=\"index, follow, max-snippet:-1, max-image-preview:large, max-video-preview:-1\" \/>\n<link rel=\"canonical\" href=\"https:\/\/www.tuyauxaston.com\/en\/installation-specifications\/\" \/>\n<meta property=\"og:locale\" content=\"en_US\" \/>\n<meta property=\"og:type\" content=\"article\" \/>\n<meta property=\"og:title\" content=\"Installation specifications - Stove and Chimney Pipes - Tuyaux Aston\" \/>\n<meta property=\"og:description\" content=\"Installation specifications Installation specifications &#8211; Black Pipe Installation specifications &#8211; 2100 Stainless Steel\" \/>\n<meta property=\"og:url\" content=\"https:\/\/www.tuyauxaston.com\/en\/installation-specifications\/\" \/>\n<meta property=\"og:site_name\" content=\"Stove and Chimney Pipes - Tuyaux Aston\" \/>\n<meta property=\"article:modified_time\" content=\"2025-05-22T14:23:57+00:00\" \/>\n<meta property=\"og:image\" content=\"https:\/\/www.tuyauxaston.com\/wp-content\/uploads\/2025\/01\/Projet-Supprimer-un-arriere-plan.jpeg\" \/>\n\t<meta property=\"og:image:width\" content=\"920\" \/>\n\t<meta property=\"og:image:height\" content=\"1384\" \/>\n\t<meta property=\"og:image:type\" content=\"image\/jpeg\" \/>\n<meta name=\"twitter:card\" content=\"summary_large_image\" \/>\n<meta name=\"twitter:label1\" content=\"Est. reading time\" \/>\n\t<meta name=\"twitter:data1\" content=\"1 minute\" \/>\n<script type=\"application\/ld+json\" class=\"yoast-schema-graph\">{\"@context\":\"https:\/\/schema.org\",\"@graph\":[{\"@type\":\"WebPage\",\"@id\":\"https:\/\/www.tuyauxaston.com\/en\/installation-specifications\/\",\"url\":\"https:\/\/www.tuyauxaston.com\/en\/installation-specifications\/\",\"name\":\"Installation specifications - Stove and Chimney Pipes - Tuyaux Aston\",\"isPartOf\":{\"@id\":\"https:\/\/www.tuyauxaston.com\/#website\"},\"primaryImageOfPage\":{\"@id\":\"https:\/\/www.tuyauxaston.com\/en\/installation-specifications\/#primaryimage\"},\"image\":{\"@id\":\"https:\/\/www.tuyauxaston.com\/en\/installation-specifications\/#primaryimage\"},\"thumbnailUrl\":\"https:\/\/www.tuyauxaston.com\/wp-content\/uploads\/2025\/01\/Projet-Supprimer-un-arriere-plan-681x1024.jpeg\",\"datePublished\":\"2024-10-24T16:00:36+00:00\",\"dateModified\":\"2025-05-22T14:23:57+00:00\",\"breadcrumb\":{\"@id\":\"https:\/\/www.tuyauxaston.com\/en\/installation-specifications\/#breadcrumb\"},\"inLanguage\":\"en-CA\",\"potentialAction\":[{\"@type\":\"ReadAction\",\"target\":[\"https:\/\/www.tuyauxaston.com\/en\/installation-specifications\/\"]}]},{\"@type\":\"ImageObject\",\"inLanguage\":\"en-CA\",\"@id\":\"https:\/\/www.tuyauxaston.com\/en\/installation-specifications\/#primaryimage\",\"url\":\"https:\/\/www.tuyauxaston.com\/wp-content\/uploads\/2025\/01\/Projet-Supprimer-un-arriere-plan-681x1024.jpeg\",\"contentUrl\":\"https:\/\/www.tuyauxaston.com\/wp-content\/uploads\/2025\/01\/Projet-Supprimer-un-arriere-plan-681x1024.jpeg\"},{\"@type\":\"BreadcrumbList\",\"@id\":\"https:\/\/www.tuyauxaston.com\/en\/installation-specifications\/#breadcrumb\",\"itemListElement\":[{\"@type\":\"ListItem\",\"position\":1,\"name\":\"Accueil\",\"item\":\"https:\/\/www.tuyauxaston.com\/en\/\"},{\"@type\":\"ListItem\",\"position\":2,\"name\":\"Installation specifications\"}]},{\"@type\":\"WebSite\",\"@id\":\"https:\/\/www.tuyauxaston.com\/#website\",\"url\":\"https:\/\/www.tuyauxaston.com\/\",\"name\":\"Tuyaux de po\u00eales et chemin\u00e9es - Tuyaux Aston\",\"description\":\"\",\"publisher\":{\"@id\":\"https:\/\/www.tuyauxaston.com\/#organization\"},\"potentialAction\":[{\"@type\":\"SearchAction\",\"target\":{\"@type\":\"EntryPoint\",\"urlTemplate\":\"https:\/\/www.tuyauxaston.com\/?s={search_term_string}\"},\"query-input\":{\"@type\":\"PropertyValueSpecification\",\"valueRequired\":true,\"valueName\":\"search_term_string\"}}],\"inLanguage\":\"en-CA\"},{\"@type\":\"Organization\",\"@id\":\"https:\/\/www.tuyauxaston.com\/#organization\",\"name\":\"Fabricant d'\u00e9quipement pour \u00e9rabli\u00e8re - Tuyaux Aston\",\"url\":\"https:\/\/www.tuyauxaston.com\/\",\"logo\":{\"@type\":\"ImageObject\",\"inLanguage\":\"en-CA\",\"@id\":\"https:\/\/www.tuyauxaston.com\/#\/schema\/logo\/image\/\",\"url\":\"https:\/\/www.tuyauxaston.com\/wp-content\/uploads\/2024\/03\/cropped-favicon.png\",\"contentUrl\":\"https:\/\/www.tuyauxaston.com\/wp-content\/uploads\/2024\/03\/cropped-favicon.png\",\"width\":512,\"height\":512,\"caption\":\"Fabricant d'\u00e9quipement pour \u00e9rabli\u00e8re - Tuyaux Aston\"},\"image\":{\"@id\":\"https:\/\/www.tuyauxaston.com\/#\/schema\/logo\/image\/\"}}]}<\/script>\n<!-- \/ Yoast SEO plugin. -->","yoast_head_json":{"title":"Installation specifications - Stove and Chimney Pipes - Tuyaux Aston","robots":{"index":"index","follow":"follow","max-snippet":"max-snippet:-1","max-image-preview":"max-image-preview:large","max-video-preview":"max-video-preview:-1"},"canonical":"https:\/\/www.tuyauxaston.com\/en\/installation-specifications\/","og_locale":"en_US","og_type":"article","og_title":"Installation specifications - Stove and Chimney Pipes - Tuyaux Aston","og_description":"Installation specifications Installation specifications &#8211; Black Pipe Installation specifications &#8211; 2100 Stainless Steel","og_url":"https:\/\/www.tuyauxaston.com\/en\/installation-specifications\/","og_site_name":"Stove and Chimney Pipes - Tuyaux Aston","article_modified_time":"2025-05-22T14:23:57+00:00","og_image":[{"width":920,"height":1384,"url":"https:\/\/www.tuyauxaston.com\/wp-content\/uploads\/2025\/01\/Projet-Supprimer-un-arriere-plan.jpeg","type":"image\/jpeg"}],"twitter_card":"summary_large_image","twitter_misc":{"Est. reading time":"1 minute"},"schema":{"@context":"https:\/\/schema.org","@graph":[{"@type":"WebPage","@id":"https:\/\/www.tuyauxaston.com\/en\/installation-specifications\/","url":"https:\/\/www.tuyauxaston.com\/en\/installation-specifications\/","name":"Installation specifications - Stove and Chimney Pipes - Tuyaux Aston","isPartOf":{"@id":"https:\/\/www.tuyauxaston.com\/#website"},"primaryImageOfPage":{"@id":"https:\/\/www.tuyauxaston.com\/en\/installation-specifications\/#primaryimage"},"image":{"@id":"https:\/\/www.tuyauxaston.com\/en\/installation-specifications\/#primaryimage"},"thumbnailUrl":"https:\/\/www.tuyauxaston.com\/wp-content\/uploads\/2025\/01\/Projet-Supprimer-un-arriere-plan-681x1024.jpeg","datePublished":"2024-10-24T16:00:36+00:00","dateModified":"2025-05-22T14:23:57+00:00","breadcrumb":{"@id":"https:\/\/www.tuyauxaston.com\/en\/installation-specifications\/#breadcrumb"},"inLanguage":"en-CA","potentialAction":[{"@type":"ReadAction","target":["https:\/\/www.tuyauxaston.com\/en\/installation-specifications\/"]}]},{"@type":"ImageObject","inLanguage":"en-CA","@id":"https:\/\/www.tuyauxaston.com\/en\/installation-specifications\/#primaryimage","url":"https:\/\/www.tuyauxaston.com\/wp-content\/uploads\/2025\/01\/Projet-Supprimer-un-arriere-plan-681x1024.jpeg","contentUrl":"https:\/\/www.tuyauxaston.com\/wp-content\/uploads\/2025\/01\/Projet-Supprimer-un-arriere-plan-681x1024.jpeg"},{"@type":"BreadcrumbList","@id":"https:\/\/www.tuyauxaston.com\/en\/installation-specifications\/#breadcrumb","itemListElement":[{"@type":"ListItem","position":1,"name":"Accueil","item":"https:\/\/www.tuyauxaston.com\/en\/"},{"@type":"ListItem","position":2,"name":"Installation specifications"}]},{"@type":"WebSite","@id":"https:\/\/www.tuyauxaston.com\/#website","url":"https:\/\/www.tuyauxaston.com\/","name":"Tuyaux de po\u00eales et chemin\u00e9es - Tuyaux Aston","description":"","publisher":{"@id":"https:\/\/www.tuyauxaston.com\/#organization"},"potentialAction":[{"@type":"SearchAction","target":{"@type":"EntryPoint","urlTemplate":"https:\/\/www.tuyauxaston.com\/?s={search_term_string}"},"query-input":{"@type":"PropertyValueSpecification","valueRequired":true,"valueName":"search_term_string"}}],"inLanguage":"en-CA"},{"@type":"Organization","@id":"https:\/\/www.tuyauxaston.com\/#organization","name":"Fabricant d'\u00e9quipement pour \u00e9rabli\u00e8re - Tuyaux Aston","url":"https:\/\/www.tuyauxaston.com\/","logo":{"@type":"ImageObject","inLanguage":"en-CA","@id":"https:\/\/www.tuyauxaston.com\/#\/schema\/logo\/image\/","url":"https:\/\/www.tuyauxaston.com\/wp-content\/uploads\/2024\/03\/cropped-favicon.png","contentUrl":"https:\/\/www.tuyauxaston.com\/wp-content\/uploads\/2024\/03\/cropped-favicon.png","width":512,"height":512,"caption":"Fabricant d'\u00e9quipement pour \u00e9rabli\u00e8re - Tuyaux Aston"},"image":{"@id":"https:\/\/www.tuyauxaston.com\/#\/schema\/logo\/image\/"}}]}},"_links":{"self":[{"href":"https:\/\/www.tuyauxaston.com\/en\/wp-json\/wp\/v2\/pages\/3114","targetHints":{"allow":["GET"]}}],"collection":[{"href":"https:\/\/www.tuyauxaston.com\/en\/wp-json\/wp\/v2\/pages"}],"about":[{"href":"https:\/\/www.tuyauxaston.com\/en\/wp-json\/wp\/v2\/types\/page"}],"author":[{"embeddable":true,"href":"https:\/\/www.tuyauxaston.com\/en\/wp-json\/wp\/v2\/users\/1"}],"replies":[{"embeddable":true,"href":"https:\/\/www.tuyauxaston.com\/en\/wp-json\/wp\/v2\/comments?post=3114"}],"version-history":[{"count":9,"href":"https:\/\/www.tuyauxaston.com\/en\/wp-json\/wp\/v2\/pages\/3114\/revisions"}],"predecessor-version":[{"id":3334,"href":"https:\/\/www.tuyauxaston.com\/en\/wp-json\/wp\/v2\/pages\/3114\/revisions\/3334"}],"wp:attachment":[{"href":"https:\/\/www.tuyauxaston.com\/en\/wp-json\/wp\/v2\/media?parent=3114"}],"curies":[{"name":"wp","href":"https:\/\/api.w.org\/{rel}","templated":true}]}}