{"id":3118,"date":"2024-02-07T16:54:51","date_gmt":"2024-02-07T21:54:51","guid":{"rendered":"https:\/\/www.tuyauxaston.com\/about-us\/"},"modified":"2025-02-27T09:49:05","modified_gmt":"2025-02-27T14:49:05","slug":"about-us","status":"publish","type":"page","link":"https:\/\/www.tuyauxaston.com\/en\/about-us\/","title":{"rendered":"About us"},"content":{"rendered":"\t\t<div data-elementor-type=\"wp-page\" data-elementor-id=\"3118\" class=\"elementor elementor-3118 elementor-850\" data-elementor-post-type=\"page\">\n\t\t\t\t<div data-particle_enable=\"false\" data-particle-mobile-disabled=\"false\" class=\"elementor-element elementor-element-c457af4 e-flex e-con-boxed e-con e-parent\" data-id=\"c457af4\" data-element_type=\"container\" data-e-type=\"container\" data-settings=\"{&quot;background_background&quot;:&quot;classic&quot;}\">\n\t\t\t\t\t<div class=\"e-con-inner\">\n\t\t\t\t<div class=\"elementor-element elementor-element-7b645d9 elementor-widget elementor-widget-heading\" data-id=\"7b645d9\" data-element_type=\"widget\" data-e-type=\"widget\" data-widget_type=\"heading.default\">\n\t\t\t\t<div class=\"elementor-widget-container\">\n\t\t\t\t\t<h1 class=\"elementor-heading-title elementor-size-default\">Choosing Aston Pipes<\/h1>\t\t\t\t<\/div>\n\t\t\t\t<\/div>\n\t\t\t\t\t<\/div>\n\t\t\t\t<\/div>\n\t\t<div data-particle_enable=\"false\" data-particle-mobile-disabled=\"false\" class=\"elementor-element elementor-element-48d09e2 e-flex e-con-boxed e-con e-parent\" data-id=\"48d09e2\" data-element_type=\"container\" data-e-type=\"container\">\n\t\t\t\t\t<div class=\"e-con-inner\">\n\t\t<div data-particle_enable=\"false\" data-particle-mobile-disabled=\"false\" class=\"elementor-element elementor-element-bff6284 e-con-full e-flex e-con e-child\" data-id=\"bff6284\" data-element_type=\"container\" data-e-type=\"container\">\n\t\t\t\t<div class=\"elementor-element elementor-element-ecdbdc7 elementor-widget elementor-widget-heading\" data-id=\"ecdbdc7\" data-element_type=\"widget\" data-e-type=\"widget\" data-widget_type=\"heading.default\">\n\t\t\t\t<div class=\"elementor-widget-container\">\n\t\t\t\t\t<h2 class=\"elementor-heading-title elementor-size-default\">Local Heating Products<\/h2>\t\t\t\t<\/div>\n\t\t\t\t<\/div>\n\t\t\t\t<div class=\"elementor-element elementor-element-ea269a3 elementor-widget elementor-widget-text-editor\" data-id=\"ea269a3\" data-element_type=\"widget\" data-e-type=\"widget\" data-widget_type=\"text-editor.default\">\n\t\t\t\t<div class=\"elementor-widget-container\">\n\t\t\t\t\t\t\t\t\t<p>Specializing in the manufacturing of laminated or stainless steel stovepipes, Aston Pipes Inc. is a family-run business that has been operating in Saint-L\u00e9onard d\u2019Aston, Quebec, for over 45 years.<\/p>\n<p>The company makes stovepipes, heat shields and assembly accessories, all of which are resistant to extremely high temperatures and protected from corrosion. The company is equipped for custom production and can thus meet any individual requests from its extensive clientele.<\/p>\n<p>Aston Pipes Inc.\u2019s enviable reputation is built on its diversified range of high-end products, wide-ranging distribution network, and outstanding customer service.<\/p>\n\t\t\t\t\t\t\t\t<\/div>\n\t\t\t\t<\/div>\n\t\t\t\t<\/div>\n\t\t<div data-particle_enable=\"false\" data-particle-mobile-disabled=\"false\" class=\"elementor-element elementor-element-9b778e2 e-con-full e-flex e-con e-child\" data-id=\"9b778e2\" data-element_type=\"container\" data-e-type=\"container\">\n\t\t\t\t<div class=\"elementor-element elementor-element-d3f3016 elementor-widget elementor-widget-image\" data-id=\"d3f3016\" data-element_type=\"widget\" data-e-type=\"widget\" data-widget_type=\"image.default\">\n\t\t\t\t<div class=\"elementor-widget-container\">\n\t\t\t\t\t\t\t\t\t\t\t\t\t\t\t<img fetchpriority=\"high\" decoding=\"async\" width=\"800\" height=\"534\" src=\"https:\/\/www.tuyauxaston.com\/wp-content\/uploads\/2024\/06\/tuyaux-aston-accueil-01-694463125-2-1024x683.webp\" class=\"attachment-large size-large wp-image-3121\" alt=\"\" srcset=\"https:\/\/www.tuyauxaston.com\/wp-content\/uploads\/2024\/06\/tuyaux-aston-accueil-01-694463125-2-1024x683.webp 1024w, https:\/\/www.tuyauxaston.com\/wp-content\/uploads\/2024\/06\/tuyaux-aston-accueil-01-694463125-2-300x200.webp 300w, https:\/\/www.tuyauxaston.com\/wp-content\/uploads\/2024\/06\/tuyaux-aston-accueil-01-694463125-2-768x512.webp 768w, https:\/\/www.tuyauxaston.com\/wp-content\/uploads\/2024\/06\/tuyaux-aston-accueil-01-694463125-2-1536x1024.webp 1536w, https:\/\/www.tuyauxaston.com\/wp-content\/uploads\/2024\/06\/tuyaux-aston-accueil-01-694463125-2.webp 1920w\" sizes=\"(max-width: 800px) 100vw, 800px\" \/>\t\t\t\t\t\t\t\t\t\t\t\t\t\t\t<\/div>\n\t\t\t\t<\/div>\n\t\t\t\t<\/div>\n\t\t\t\t\t<\/div>\n\t\t\t\t<\/div>\n\t\t\t\t<\/div>\n\t\t","protected":false},"excerpt":{"rendered":"<p>Choosing Aston Pipes Local Heating Products Specializing in the manufacturing of laminated or stainless steel stovepipes, Aston Pipes Inc. is a family-run business that has been operating in Saint-L\u00e9onard d\u2019Aston, Quebec, for over 45 years. The company makes stovepipes, heat shields and assembly accessories, all of which are resistant to extremely high temperatures and protected [&hellip;]<\/p>\n","protected":false},"author":1,"featured_media":0,"parent":0,"menu_order":0,"comment_status":"closed","ping_status":"closed","template":"","meta":{"_acf_changed":false,"footnotes":""},"class_list":["post-3118","page","type-page","status-publish","hentry"],"acf":[],"yoast_head":"<!-- This site is optimized with the Yoast SEO plugin v27.1.1 - https:\/\/yoast.com\/product\/yoast-seo-wordpress\/ -->\n<title>About us - Stove and Chimney Pipes - Tuyaux Aston<\/title>\n<meta name=\"robots\" content=\"index, follow, max-snippet:-1, max-image-preview:large, max-video-preview:-1\" \/>\n<link rel=\"canonical\" href=\"https:\/\/www.tuyauxaston.com\/entreprise\/\" \/>\n<meta property=\"og:locale\" content=\"en_US\" \/>\n<meta property=\"og:type\" content=\"article\" \/>\n<meta property=\"og:title\" content=\"About us - Stove and Chimney Pipes - Tuyaux Aston\" \/>\n<meta property=\"og:description\" content=\"Choosing Aston Pipes Local Heating Products Specializing in the manufacturing of laminated or stainless steel stovepipes, Aston Pipes Inc. is a family-run business that has been operating in Saint-L\u00e9onard d\u2019Aston, Quebec, for over 45 years. The company makes stovepipes, heat shields and assembly accessories, all of which are resistant to extremely high temperatures and protected [&hellip;]\" \/>\n<meta property=\"og:url\" content=\"https:\/\/www.tuyauxaston.com\/entreprise\/\" \/>\n<meta property=\"og:site_name\" content=\"Stove and Chimney Pipes - Tuyaux Aston\" \/>\n<meta property=\"article:modified_time\" content=\"2025-02-27T14:49:05+00:00\" \/>\n<meta property=\"og:image\" content=\"https:\/\/www.tuyauxaston.com\/wp-content\/uploads\/2024\/06\/tuyaux-aston-accueil-01-694463125-2.webp\" \/>\n\t<meta property=\"og:image:width\" content=\"1920\" \/>\n\t<meta property=\"og:image:height\" content=\"1280\" \/>\n\t<meta property=\"og:image:type\" content=\"image\/webp\" \/>\n<meta name=\"twitter:card\" content=\"summary_large_image\" \/>\n<script type=\"application\/ld+json\" class=\"yoast-schema-graph\">{\"@context\":\"https:\/\/schema.org\",\"@graph\":[{\"@type\":\"WebPage\",\"@id\":\"https:\/\/www.tuyauxaston.com\/entreprise\/\",\"url\":\"https:\/\/www.tuyauxaston.com\/entreprise\/\",\"name\":\"About us - Stove and Chimney Pipes - Tuyaux Aston\",\"isPartOf\":{\"@id\":\"https:\/\/www.tuyauxaston.com\/#website\"},\"primaryImageOfPage\":{\"@id\":\"https:\/\/www.tuyauxaston.com\/entreprise\/#primaryimage\"},\"image\":{\"@id\":\"https:\/\/www.tuyauxaston.com\/entreprise\/#primaryimage\"},\"thumbnailUrl\":\"https:\/\/www.tuyauxaston.com\/wp-content\/uploads\/2024\/06\/tuyaux-aston-accueil-01-694463125-2-1024x683.webp\",\"datePublished\":\"2024-02-07T21:54:51+00:00\",\"dateModified\":\"2025-02-27T14:49:05+00:00\",\"breadcrumb\":{\"@id\":\"https:\/\/www.tuyauxaston.com\/entreprise\/#breadcrumb\"},\"inLanguage\":\"en-CA\",\"potentialAction\":[{\"@type\":\"ReadAction\",\"target\":[\"https:\/\/www.tuyauxaston.com\/entreprise\/\"]}]},{\"@type\":\"ImageObject\",\"inLanguage\":\"en-CA\",\"@id\":\"https:\/\/www.tuyauxaston.com\/entreprise\/#primaryimage\",\"url\":\"https:\/\/www.tuyauxaston.com\/wp-content\/uploads\/2024\/06\/tuyaux-aston-accueil-01-694463125-2-1024x683.webp\",\"contentUrl\":\"https:\/\/www.tuyauxaston.com\/wp-content\/uploads\/2024\/06\/tuyaux-aston-accueil-01-694463125-2-1024x683.webp\"},{\"@type\":\"BreadcrumbList\",\"@id\":\"https:\/\/www.tuyauxaston.com\/entreprise\/#breadcrumb\",\"itemListElement\":[{\"@type\":\"ListItem\",\"position\":1,\"name\":\"Accueil\",\"item\":\"https:\/\/www.tuyauxaston.com\/en\/\"},{\"@type\":\"ListItem\",\"position\":2,\"name\":\"About us\"}]},{\"@type\":\"WebSite\",\"@id\":\"https:\/\/www.tuyauxaston.com\/#website\",\"url\":\"https:\/\/www.tuyauxaston.com\/\",\"name\":\"Tuyaux de po\u00eales et chemin\u00e9es - Tuyaux Aston\",\"description\":\"\",\"publisher\":{\"@id\":\"https:\/\/www.tuyauxaston.com\/#organization\"},\"potentialAction\":[{\"@type\":\"SearchAction\",\"target\":{\"@type\":\"EntryPoint\",\"urlTemplate\":\"https:\/\/www.tuyauxaston.com\/?s={search_term_string}\"},\"query-input\":{\"@type\":\"PropertyValueSpecification\",\"valueRequired\":true,\"valueName\":\"search_term_string\"}}],\"inLanguage\":\"en-CA\"},{\"@type\":\"Organization\",\"@id\":\"https:\/\/www.tuyauxaston.com\/#organization\",\"name\":\"Fabricant d'\u00e9quipement pour \u00e9rabli\u00e8re - Tuyaux Aston\",\"url\":\"https:\/\/www.tuyauxaston.com\/\",\"logo\":{\"@type\":\"ImageObject\",\"inLanguage\":\"en-CA\",\"@id\":\"https:\/\/www.tuyauxaston.com\/#\/schema\/logo\/image\/\",\"url\":\"https:\/\/www.tuyauxaston.com\/wp-content\/uploads\/2024\/03\/cropped-favicon.png\",\"contentUrl\":\"https:\/\/www.tuyauxaston.com\/wp-content\/uploads\/2024\/03\/cropped-favicon.png\",\"width\":512,\"height\":512,\"caption\":\"Fabricant d'\u00e9quipement pour \u00e9rabli\u00e8re - Tuyaux Aston\"},\"image\":{\"@id\":\"https:\/\/www.tuyauxaston.com\/#\/schema\/logo\/image\/\"}}]}<\/script>\n<!-- \/ Yoast SEO plugin. -->","yoast_head_json":{"title":"About us - Stove and Chimney Pipes - Tuyaux Aston","robots":{"index":"index","follow":"follow","max-snippet":"max-snippet:-1","max-image-preview":"max-image-preview:large","max-video-preview":"max-video-preview:-1"},"canonical":"https:\/\/www.tuyauxaston.com\/entreprise\/","og_locale":"en_US","og_type":"article","og_title":"About us - Stove and Chimney Pipes - Tuyaux Aston","og_description":"Choosing Aston Pipes Local Heating Products Specializing in the manufacturing of laminated or stainless steel stovepipes, Aston Pipes Inc. is a family-run business that has been operating in Saint-L\u00e9onard d\u2019Aston, Quebec, for over 45 years. The company makes stovepipes, heat shields and assembly accessories, all of which are resistant to extremely high temperatures and protected [&hellip;]","og_url":"https:\/\/www.tuyauxaston.com\/entreprise\/","og_site_name":"Stove and Chimney Pipes - Tuyaux Aston","article_modified_time":"2025-02-27T14:49:05+00:00","og_image":[{"width":1920,"height":1280,"url":"https:\/\/www.tuyauxaston.com\/wp-content\/uploads\/2024\/06\/tuyaux-aston-accueil-01-694463125-2.webp","type":"image\/webp"}],"twitter_card":"summary_large_image","schema":{"@context":"https:\/\/schema.org","@graph":[{"@type":"WebPage","@id":"https:\/\/www.tuyauxaston.com\/entreprise\/","url":"https:\/\/www.tuyauxaston.com\/entreprise\/","name":"About us - Stove and Chimney Pipes - Tuyaux Aston","isPartOf":{"@id":"https:\/\/www.tuyauxaston.com\/#website"},"primaryImageOfPage":{"@id":"https:\/\/www.tuyauxaston.com\/entreprise\/#primaryimage"},"image":{"@id":"https:\/\/www.tuyauxaston.com\/entreprise\/#primaryimage"},"thumbnailUrl":"https:\/\/www.tuyauxaston.com\/wp-content\/uploads\/2024\/06\/tuyaux-aston-accueil-01-694463125-2-1024x683.webp","datePublished":"2024-02-07T21:54:51+00:00","dateModified":"2025-02-27T14:49:05+00:00","breadcrumb":{"@id":"https:\/\/www.tuyauxaston.com\/entreprise\/#breadcrumb"},"inLanguage":"en-CA","potentialAction":[{"@type":"ReadAction","target":["https:\/\/www.tuyauxaston.com\/entreprise\/"]}]},{"@type":"ImageObject","inLanguage":"en-CA","@id":"https:\/\/www.tuyauxaston.com\/entreprise\/#primaryimage","url":"https:\/\/www.tuyauxaston.com\/wp-content\/uploads\/2024\/06\/tuyaux-aston-accueil-01-694463125-2-1024x683.webp","contentUrl":"https:\/\/www.tuyauxaston.com\/wp-content\/uploads\/2024\/06\/tuyaux-aston-accueil-01-694463125-2-1024x683.webp"},{"@type":"BreadcrumbList","@id":"https:\/\/www.tuyauxaston.com\/entreprise\/#breadcrumb","itemListElement":[{"@type":"ListItem","position":1,"name":"Accueil","item":"https:\/\/www.tuyauxaston.com\/en\/"},{"@type":"ListItem","position":2,"name":"About us"}]},{"@type":"WebSite","@id":"https:\/\/www.tuyauxaston.com\/#website","url":"https:\/\/www.tuyauxaston.com\/","name":"Tuyaux de po\u00eales et chemin\u00e9es - Tuyaux Aston","description":"","publisher":{"@id":"https:\/\/www.tuyauxaston.com\/#organization"},"potentialAction":[{"@type":"SearchAction","target":{"@type":"EntryPoint","urlTemplate":"https:\/\/www.tuyauxaston.com\/?s={search_term_string}"},"query-input":{"@type":"PropertyValueSpecification","valueRequired":true,"valueName":"search_term_string"}}],"inLanguage":"en-CA"},{"@type":"Organization","@id":"https:\/\/www.tuyauxaston.com\/#organization","name":"Fabricant d'\u00e9quipement pour \u00e9rabli\u00e8re - Tuyaux Aston","url":"https:\/\/www.tuyauxaston.com\/","logo":{"@type":"ImageObject","inLanguage":"en-CA","@id":"https:\/\/www.tuyauxaston.com\/#\/schema\/logo\/image\/","url":"https:\/\/www.tuyauxaston.com\/wp-content\/uploads\/2024\/03\/cropped-favicon.png","contentUrl":"https:\/\/www.tuyauxaston.com\/wp-content\/uploads\/2024\/03\/cropped-favicon.png","width":512,"height":512,"caption":"Fabricant d'\u00e9quipement pour \u00e9rabli\u00e8re - Tuyaux Aston"},"image":{"@id":"https:\/\/www.tuyauxaston.com\/#\/schema\/logo\/image\/"}}]}},"_links":{"self":[{"href":"https:\/\/www.tuyauxaston.com\/en\/wp-json\/wp\/v2\/pages\/3118","targetHints":{"allow":["GET"]}}],"collection":[{"href":"https:\/\/www.tuyauxaston.com\/en\/wp-json\/wp\/v2\/pages"}],"about":[{"href":"https:\/\/www.tuyauxaston.com\/en\/wp-json\/wp\/v2\/types\/page"}],"author":[{"embeddable":true,"href":"https:\/\/www.tuyauxaston.com\/en\/wp-json\/wp\/v2\/users\/1"}],"replies":[{"embeddable":true,"href":"https:\/\/www.tuyauxaston.com\/en\/wp-json\/wp\/v2\/comments?post=3118"}],"version-history":[{"count":3,"href":"https:\/\/www.tuyauxaston.com\/en\/wp-json\/wp\/v2\/pages\/3118\/revisions"}],"predecessor-version":[{"id":3125,"href":"https:\/\/www.tuyauxaston.com\/en\/wp-json\/wp\/v2\/pages\/3118\/revisions\/3125"}],"wp:attachment":[{"href":"https:\/\/www.tuyauxaston.com\/en\/wp-json\/wp\/v2\/media?parent=3118"}],"curies":[{"name":"wp","href":"https:\/\/api.w.org\/{rel}","templated":true}]}}